{"id":9195,"date":"2022-06-01T23:21:09","date_gmt":"2022-06-01T23:21:09","guid":{"rendered":"https:\/\/www.bazarmerlin.com\/inicio\/?post_type=product&#038;p=9195"},"modified":"2024-07-02T23:38:04","modified_gmt":"2024-07-02T23:38:04","slug":"medalla-de-las-7-deidades-de-la-santeria-en-fino-bano-de-oro","status":"publish","type":"product","link":"https:\/\/www.bazarmerlin.com\/inicio\/producto\/medalla-de-las-7-deidades-de-la-santeria-en-fino-bano-de-oro\/","title":{"rendered":"Medalla De Las 7 Deidades De La Santer\u00eda En Fino Ba\u00f1o De Oro"},"content":{"rendered":"<p><strong>MEDALLA DE LAS 7 DEIDADES DE LA SANTER\u00cdA\/PROTECCI\u00d3N.<\/strong><br \/>\n<strong>TERMIANDA EN FINO BA\u00d1O DE ORO BRILLOSO.<\/strong><\/p>\n<p>Atrae Dinero, Negocios, Suerte Y Protecci\u00f3n<\/p>\n<ul>\n<li>tu situaci\u00f3n personal, profesional o financiera esta en un punto critico?.<\/li>\n<li>Sientes ser victima de un trabajo obscuro de alg\u00fan enemigo.<\/li>\n<li>Has intentado casi todo, incluso magia y no vez cambios en tu vida?.<\/li>\n<\/ul>\n<p><em>EL PODEROSO TALISM\u00c1N DE LAS 7 DEIDADES\u00a0<\/em><br \/>\n<em>ES LO QUE HAS ESTADO BUSCANDO.<\/em><\/p>\n<p><em>El poderoso talism\u00e1n te ayudara a ob<\/em>tener todo lo que siempre has so\u00f1ado como: poder, amor, dinero y salud.<\/p>\n<p>Te ayudara a lograr el \u00e9xito en todos los aspectos de tu vida.<\/p>\n<p>&nbsp;<\/p>\n<p>Este poderoso talism\u00e1n esta fabricado y tallado a mano, pintado y detallado a mano, reforzado con ashe, ademas contiene los 7 metales alqu\u00edmicos visibles como una aleaci\u00f3n de siete metales que corresponden a los siete planetas esot\u00e9ricos.<\/p>\n<p>En este poderoso talism\u00e1n se conjugan los 7 santos orichas, debidamente fabricado como muy pocos talismanes ya que se encuentra fabrico en aleaci\u00f3n de 7 metales alqu\u00edmicos, para darle fuerza a los 7 santos orichas:<\/p>\n<ol>\n<li>Chango<\/li>\n<li>Eleggua<\/li>\n<li>Obatala<\/li>\n<li>Oggun<\/li>\n<li>Oshun<\/li>\n<li>Orunla<\/li>\n<li>Yemaya<\/li>\n<\/ol>\n<p>&nbsp;<\/p>\n<p>Esta elaborado totalmente a mano y consagrado especialmente para ti bajo un ritual muy poderoso y de verdadera alta magia.<\/p>\n<p>Este talism\u00e1n esta detallado a mano para que este poderoso talism\u00e1n dure toda la vida.<\/p>\n<p><em>\u00bfPOR QUE ES TAN PODEROSO ESTE TALISM\u00c1N?<\/em> Por la simbolog\u00eda que encierra da una fuerza y magnetismo muy potente, porque se prepara y ritualiza con decretos y rituales de alta magia que le ayudan a aumentar su poder de protecci\u00f3n. Adem\u00e1s esta realizado en aleaci\u00f3n de 7 metales que corresponden a los 7 planetas alqu\u00edmicos.<\/p>\n<p>&nbsp;<\/p>\n<p>&nbsp;<\/p>\n<p>&nbsp;<\/p>\n<p><strong>BAZAR MERLIN<\/strong><br \/>\n<strong>El Lugar M\u00e1s M\u00edstico de Guadalajara<\/strong><br \/>\n<strong>ENVIAMOS A TODO M\u00c9XICO&#8230;<\/strong><\/p>\n<!-- AddThis Advanced Settings generic via filter on the_content --><!-- AddThis Share Buttons generic via filter on the_content -->","protected":false},"excerpt":{"rendered":"<p>MEDALLA DE LAS 7 DEIDADES DE LA SANTER\u00cdA\/PROTECCI\u00d3N. TERMIANDA EN FINO BA\u00d1O DE ORO BRILLOSO. Atrae Dinero, Negocios, Suerte Y Protecci\u00f3n tu situaci\u00f3n personal, profesional o financiera esta en un punto critico?. Sientes ser victima de un trabajo obscuro de alg\u00fan enemigo. Has intentado casi todo, incluso magia y no vez cambios en tu vida?.&hellip;<!-- AddThis Advanced Settings generic via filter on get_the_excerpt --><!-- AddThis Share Buttons generic via filter on get_the_excerpt --><\/p>\n","protected":false},"featured_media":10673,"template":"","meta":[],"product_cat":[12],"product_tag":[2193],"_links":{"self":[{"href":"https:\/\/www.bazarmerlin.com\/inicio\/wp-json\/wp\/v2\/product\/9195"}],"collection":[{"href":"https:\/\/www.bazarmerlin.com\/inicio\/wp-json\/wp\/v2\/product"}],"about":[{"href":"https:\/\/www.bazarmerlin.com\/inicio\/wp-json\/wp\/v2\/types\/product"}],"wp:featuredmedia":[{"embeddable":true,"href":"https:\/\/www.bazarmerlin.com\/inicio\/wp-json\/wp\/v2\/media\/10673"}],"wp:attachment":[{"href":"https:\/\/www.bazarmerlin.com\/inicio\/wp-json\/wp\/v2\/media?parent=9195"}],"wp:term":[{"taxonomy":"product_cat","embeddable":true,"href":"https:\/\/www.bazarmerlin.com\/inicio\/wp-json\/wp\/v2\/product_cat?post=9195"},{"taxonomy":"product_tag","embeddable":true,"href":"https:\/\/www.bazarmerlin.com\/inicio\/wp-json\/wp\/v2\/product_tag?post=9195"}],"curies":[{"name":"wp","href":"https:\/\/api.w.org\/{rel}","templated":true}]}}