{"id":9200,"date":"2022-06-01T23:34:19","date_gmt":"2022-06-01T23:34:19","guid":{"rendered":"https:\/\/www.bazarmerlin.com\/inicio\/?post_type=product&#038;p=9200"},"modified":"2022-11-29T22:26:35","modified_gmt":"2022-11-29T22:26:35","slug":"veladora-vainilla-canela-abundancia","status":"publish","type":"product","link":"https:\/\/www.bazarmerlin.com\/inicio\/producto\/veladora-vainilla-canela-abundancia\/","title":{"rendered":"Veladora Vainilla Canela &#8211; Abundancia"},"content":{"rendered":"<p><strong>VELADORA VAINILLA &#8211; CANELA<\/strong><\/p>\n<p>&nbsp;<\/p>\n<p>esta veladora te ayuda a atraer ABUNDANCIA Y OPORTUNIDADES<\/p>\n<p>Como tambien es usada para encantar y seducir al ser amado, que en uni\u00f3n con la Canela que siempre ha sido utilizada para atraer el amor, usted tendr\u00e1 una combinaci\u00f3n perfecta y podr\u00e1 disfrutar de tan seductores aromas.<\/p>\n<p>&nbsp;<\/p>\n<p>&nbsp;<\/p>\n<p><strong>BAZAR MERLIN\u00ae<\/strong><br \/>\n<strong>El Lugar M\u00e1s M\u00edstico de Guadalajara<\/strong><br \/>\n<strong>ENVIAMOS A TODO M\u00c9XICO<\/strong><\/p>\n<!-- AddThis Advanced Settings generic via filter on the_content --><!-- AddThis Share Buttons generic via filter on the_content -->","protected":false},"excerpt":{"rendered":"<p>VELADORA VAINILLA &#8211; CANELA &nbsp; esta veladora te ayuda a atraer ABUNDANCIA Y OPORTUNIDADES Como tambien es usada para encantar y seducir al ser amado, que en uni\u00f3n con la Canela que siempre ha sido utilizada para atraer el amor, usted tendr\u00e1 una combinaci\u00f3n perfecta y podr\u00e1 disfrutar de tan seductores aromas. &nbsp; &nbsp; BAZAR&hellip;<!-- AddThis Advanced Settings generic via filter on get_the_excerpt --><!-- AddThis Share Buttons generic via filter on get_the_excerpt --><\/p>\n","protected":false},"featured_media":10872,"template":"","meta":[],"product_cat":[19],"product_tag":[131,2196],"_links":{"self":[{"href":"https:\/\/www.bazarmerlin.com\/inicio\/wp-json\/wp\/v2\/product\/9200"}],"collection":[{"href":"https:\/\/www.bazarmerlin.com\/inicio\/wp-json\/wp\/v2\/product"}],"about":[{"href":"https:\/\/www.bazarmerlin.com\/inicio\/wp-json\/wp\/v2\/types\/product"}],"wp:featuredmedia":[{"embeddable":true,"href":"https:\/\/www.bazarmerlin.com\/inicio\/wp-json\/wp\/v2\/media\/10872"}],"wp:attachment":[{"href":"https:\/\/www.bazarmerlin.com\/inicio\/wp-json\/wp\/v2\/media?parent=9200"}],"wp:term":[{"taxonomy":"product_cat","embeddable":true,"href":"https:\/\/www.bazarmerlin.com\/inicio\/wp-json\/wp\/v2\/product_cat?post=9200"},{"taxonomy":"product_tag","embeddable":true,"href":"https:\/\/www.bazarmerlin.com\/inicio\/wp-json\/wp\/v2\/product_tag?post=9200"}],"curies":[{"name":"wp","href":"https:\/\/api.w.org\/{rel}","templated":true}]}}