{"id":9202,"date":"2022-06-01T23:39:19","date_gmt":"2022-06-01T23:39:19","guid":{"rendered":"https:\/\/www.bazarmerlin.com\/inicio\/?post_type=product&#038;p=9202"},"modified":"2022-06-20T21:48:19","modified_gmt":"2022-06-20T21:48:19","slug":"jabon-coco-vainilla-dinero-y-abre-camino","status":"publish","type":"product","link":"https:\/\/www.bazarmerlin.com\/inicio\/producto\/jabon-coco-vainilla-dinero-y-abre-camino\/","title":{"rendered":"Jab\u00f3n Coco Vainilla &#8211; Dinero Y Abre Camino"},"content":{"rendered":"<p><strong>JAB\u00d3N COCO Y VAINILLA\u00a0<\/strong><br \/>\n<em><strong>JAB\u00d3N ATRAYENTE DE DINERO SUERTE AMOR Y \u00c9XITO<\/strong><\/em><\/p>\n<p>&nbsp;<\/p>\n<p>Este jab\u00f3n es especial para ABRIR LOS CAMINOS HACIA EL \u00c9XITO LA FELICIDAD, DINERO, AMOR, TRABAJO, FELICIDAD, ABUNDANCIA Y DICHA&#8230;<br \/>\n\u00fasalo con mucha f\u00e9.<\/p>\n<p>Sirve tambi\u00e9n para desbloquear problemas que parec\u00edan sin soluci\u00f3n. Proporciona un cambio que nos abre una nueva visi\u00f3n y vemos el camino libre donde antes no eramos capaces de percibirlo, est\u00e9 jab\u00f3n es capaz de cambiar a las personas, para su apertura de nuevos caminos.<\/p>\n<p>Corta de inmediato con la mala suerte emprende rumbo hacia el \u00e9xito.<\/p>\n<p>&nbsp;<\/p>\n<p>&nbsp;<\/p>\n<p><strong>BAZAR MERLIN<\/strong><br \/>\n<strong>El Lugar M\u00e1s M\u00edstico de Guadalajara<\/strong><br \/>\n<strong>ENVIAMOS A TODO M\u00c9XICO<\/strong><\/p>\n<!-- AddThis Advanced Settings generic via filter on the_content --><!-- AddThis Share Buttons generic via filter on the_content -->","protected":false},"excerpt":{"rendered":"<p>JAB\u00d3N COCO Y VAINILLA\u00a0 JAB\u00d3N ATRAYENTE DE DINERO SUERTE AMOR Y \u00c9XITO &nbsp; Este jab\u00f3n es especial para ABRIR LOS CAMINOS HACIA EL \u00c9XITO LA FELICIDAD, DINERO, AMOR, TRABAJO, FELICIDAD, ABUNDANCIA Y DICHA&#8230; \u00fasalo con mucha f\u00e9. Sirve tambi\u00e9n para desbloquear problemas que parec\u00edan sin soluci\u00f3n. Proporciona un cambio que nos abre una nueva visi\u00f3n&hellip;<!-- AddThis Advanced Settings generic via filter on get_the_excerpt --><!-- AddThis Share Buttons generic via filter on get_the_excerpt --><\/p>\n","protected":false},"featured_media":9203,"template":"","meta":[],"product_cat":[14],"product_tag":[2198,2197],"_links":{"self":[{"href":"https:\/\/www.bazarmerlin.com\/inicio\/wp-json\/wp\/v2\/product\/9202"}],"collection":[{"href":"https:\/\/www.bazarmerlin.com\/inicio\/wp-json\/wp\/v2\/product"}],"about":[{"href":"https:\/\/www.bazarmerlin.com\/inicio\/wp-json\/wp\/v2\/types\/product"}],"wp:featuredmedia":[{"embeddable":true,"href":"https:\/\/www.bazarmerlin.com\/inicio\/wp-json\/wp\/v2\/media\/9203"}],"wp:attachment":[{"href":"https:\/\/www.bazarmerlin.com\/inicio\/wp-json\/wp\/v2\/media?parent=9202"}],"wp:term":[{"taxonomy":"product_cat","embeddable":true,"href":"https:\/\/www.bazarmerlin.com\/inicio\/wp-json\/wp\/v2\/product_cat?post=9202"},{"taxonomy":"product_tag","embeddable":true,"href":"https:\/\/www.bazarmerlin.com\/inicio\/wp-json\/wp\/v2\/product_tag?post=9202"}],"curies":[{"name":"wp","href":"https:\/\/api.w.org\/{rel}","templated":true}]}}