{"id":9204,"date":"2022-06-01T23:42:51","date_gmt":"2022-06-01T23:42:51","guid":{"rendered":"https:\/\/www.bazarmerlin.com\/inicio\/?post_type=product&#038;p=9204"},"modified":"2022-12-28T23:55:28","modified_gmt":"2022-12-28T23:55:28","slug":"pendulo-merlin-de-aluminio-de-alta-calidad-4-5-cms-altura","status":"publish","type":"product","link":"https:\/\/www.bazarmerlin.com\/inicio\/producto\/pendulo-merlin-de-aluminio-de-alta-calidad-4-5-cms-altura\/","title":{"rendered":"P\u00e9ndulo Merl\u00edn De Aluminio De Alta Calidad &#8211; 4.5 Cms Altura"},"content":{"rendered":"<p><strong>PENDULO DE ALUMINIO MERLIN<\/strong><br \/>\n<em><strong>con espacio para testigo.<\/strong><\/em><\/p>\n<p>&nbsp;<\/p>\n<p>Medidas aproximadamente 4.5 cm de Altura<\/p>\n<p>Los p\u00e9ndulos son instrumentos de conocimiento, son f\u00e1ciles de usar y con poca pr\u00e1ctica son de gran utilidad.<br \/>\nSe utilizan para varias cosas, para detectar lugares donde hay que aplicar alguna cura.<br \/>\nPara buscar minerales como oro, plata, cuarzo, im\u00e1n, o una combinaci\u00f3n de varias cosas.<br \/>\nEste p\u00e9ndulo tiene un hueco en la parte de arriba donde puedes meter el mineral que est\u00e9s buscando se des-atornilla f\u00e1cil.<\/p>\n<p>Con tu p\u00e9ndulo recibe una pr\u00e1ctico morralito y una gu\u00eda pr\u00e1ctica que te explica con sencillez y claridad como debes usar tu p\u00e9ndulo y sus diferentes aplicaciones.<\/p>\n<p>&nbsp;<\/p>\n<p>&nbsp;<\/p>\n<p>&nbsp;<\/p>\n<p><strong>BAZAR MERLIN\u00ae<\/strong><br \/>\n<strong>El Lugar M\u00e1s M\u00edstico de Guadalajara<\/strong><br \/>\n<strong>ENVIAMOS A TODO M\u00c9XICO<\/strong><\/p>\n<!-- AddThis Advanced Settings generic via filter on the_content --><!-- AddThis Share Buttons generic via filter on the_content -->","protected":false},"excerpt":{"rendered":"<p>PENDULO DE ALUMINIO MERLIN con espacio para testigo. &nbsp; Medidas aproximadamente 4.5 cm de Altura Los p\u00e9ndulos son instrumentos de conocimiento, son f\u00e1ciles de usar y con poca pr\u00e1ctica son de gran utilidad. Se utilizan para varias cosas, para detectar lugares donde hay que aplicar alguna cura. Para buscar minerales como oro, plata, cuarzo, im\u00e1n,&hellip;<!-- AddThis Advanced Settings generic via filter on get_the_excerpt --><!-- AddThis Share Buttons generic via filter on get_the_excerpt --><\/p>\n","protected":false},"featured_media":11277,"template":"","meta":[],"product_cat":[21],"product_tag":[2199],"_links":{"self":[{"href":"https:\/\/www.bazarmerlin.com\/inicio\/wp-json\/wp\/v2\/product\/9204"}],"collection":[{"href":"https:\/\/www.bazarmerlin.com\/inicio\/wp-json\/wp\/v2\/product"}],"about":[{"href":"https:\/\/www.bazarmerlin.com\/inicio\/wp-json\/wp\/v2\/types\/product"}],"wp:featuredmedia":[{"embeddable":true,"href":"https:\/\/www.bazarmerlin.com\/inicio\/wp-json\/wp\/v2\/media\/11277"}],"wp:attachment":[{"href":"https:\/\/www.bazarmerlin.com\/inicio\/wp-json\/wp\/v2\/media?parent=9204"}],"wp:term":[{"taxonomy":"product_cat","embeddable":true,"href":"https:\/\/www.bazarmerlin.com\/inicio\/wp-json\/wp\/v2\/product_cat?post=9204"},{"taxonomy":"product_tag","embeddable":true,"href":"https:\/\/www.bazarmerlin.com\/inicio\/wp-json\/wp\/v2\/product_tag?post=9204"}],"curies":[{"name":"wp","href":"https:\/\/api.w.org\/{rel}","templated":true}]}}