{"id":9208,"date":"2022-06-01T23:52:19","date_gmt":"2022-06-01T23:52:19","guid":{"rendered":"https:\/\/www.bazarmerlin.com\/inicio\/?post_type=product&#038;p=9208"},"modified":"2022-06-20T22:40:15","modified_gmt":"2022-06-20T22:40:15","slug":"medalla-estrella-de-12-puntas-fino-oro-de-14-kilates","status":"publish","type":"product","link":"https:\/\/www.bazarmerlin.com\/inicio\/producto\/medalla-estrella-de-12-puntas-fino-oro-de-14-kilates\/","title":{"rendered":"Medalla Estrella De 12 Puntas &#8211; Fino Oro De 14 Kilates"},"content":{"rendered":"<p><strong>MEDALLA ESTRELLA DE 12 PUNTAS &#8211;<\/strong><br \/>\n<strong>ORO DE 14 KILATES<\/strong><\/p>\n<p>&nbsp;<\/p>\n<p>MEDIDAS 2 CM DE DIAMETRO Y 2.5 CM APROXIMADAMENTE<br \/>\nINCLUIDO EL PASACADENA<\/p>\n<p>El s\u00edmbolo de la estrella representa la luz, la verdad, la fortaleza espiritual y la esperanza, y su significado depender\u00e1 principalmente del n\u00famero de puntas que tengas y la orientaci\u00f3n de estas.<\/p>\n<p>Simboliza los 12 signos zodiacales ubicados en su casa madre, as\u00ed tambi\u00e9n dadas sus caracter\u00edsticas se puede dibujar de dos maneras la primera trazando 4 tri\u00e1ngulos representa los 4 puntos cardinales as\u00ed como los 4 elementos. La segunda trazando 3 cuadrados representa las cosas cardinales fijas y mutables. Se dice que la estrella de doce puntas protege cuando mercurio se encuentra retrogrado.<\/p>\n<p>Amuleto Protector En esta estrella de 2 puntas se enlazan las energ\u00edas espirituales mas fuertes y m\u00e1gicas de todos los tiempos. Por tanto es uno de los amuletos mas completos ya que atrae la abundancia, favorece el bienestar espiritual, atrae el amor y favorece la salud. Estrella de 12 puntas (reflejo De Bel\u00e9n) es la que representa el tiempo vivido en armon\u00eda.<\/p>\n<p>MEDIDAS 2 CM DE DIAMETRO Y 2.5 CM APROXIMADAMENTE<br \/>\nINCLUIDO EL PASACADENA<\/p>\n<p>&nbsp;<\/p>\n<p>&nbsp;<\/p>\n<p><strong>BAZAR MERLIN\u00ae<\/strong><br \/>\n<strong>El Lugar M\u00e1s M\u00edstico de Guadalajara<\/strong><br \/>\n<strong>ENVIAMOS A TODO M\u00c9XICO&#8230;<\/strong><\/p>\n<!-- AddThis Advanced Settings generic via filter on the_content --><!-- AddThis Share Buttons generic via filter on the_content -->","protected":false},"excerpt":{"rendered":"<p>MEDALLA ESTRELLA DE 12 PUNTAS &#8211; ORO DE 14 KILATES &nbsp; MEDIDAS 2 CM DE DIAMETRO Y 2.5 CM APROXIMADAMENTE INCLUIDO EL PASACADENA El s\u00edmbolo de la estrella representa la luz, la verdad, la fortaleza espiritual y la esperanza, y su significado depender\u00e1 principalmente del n\u00famero de puntas que tengas y la orientaci\u00f3n de estas.&hellip;<!-- AddThis Advanced Settings generic via filter on get_the_excerpt --><!-- AddThis Share Buttons generic via filter on get_the_excerpt --><\/p>\n","protected":false},"featured_media":9209,"template":"","meta":[],"product_cat":[12],"product_tag":[2203,2202],"_links":{"self":[{"href":"https:\/\/www.bazarmerlin.com\/inicio\/wp-json\/wp\/v2\/product\/9208"}],"collection":[{"href":"https:\/\/www.bazarmerlin.com\/inicio\/wp-json\/wp\/v2\/product"}],"about":[{"href":"https:\/\/www.bazarmerlin.com\/inicio\/wp-json\/wp\/v2\/types\/product"}],"wp:featuredmedia":[{"embeddable":true,"href":"https:\/\/www.bazarmerlin.com\/inicio\/wp-json\/wp\/v2\/media\/9209"}],"wp:attachment":[{"href":"https:\/\/www.bazarmerlin.com\/inicio\/wp-json\/wp\/v2\/media?parent=9208"}],"wp:term":[{"taxonomy":"product_cat","embeddable":true,"href":"https:\/\/www.bazarmerlin.com\/inicio\/wp-json\/wp\/v2\/product_cat?post=9208"},{"taxonomy":"product_tag","embeddable":true,"href":"https:\/\/www.bazarmerlin.com\/inicio\/wp-json\/wp\/v2\/product_tag?post=9208"}],"curies":[{"name":"wp","href":"https:\/\/api.w.org\/{rel}","templated":true}]}}