{"id":9210,"date":"2022-06-01T23:55:51","date_gmt":"2022-06-01T23:55:51","guid":{"rendered":"https:\/\/www.bazarmerlin.com\/inicio\/?post_type=product&#038;p=9210"},"modified":"2022-06-20T22:44:27","modified_gmt":"2022-06-20T22:44:27","slug":"poderoso-dije-sello-magico-de-salomon-ritualizado-correa","status":"publish","type":"product","link":"https:\/\/www.bazarmerlin.com\/inicio\/producto\/poderoso-dije-sello-magico-de-salomon-ritualizado-correa\/","title":{"rendered":"Poderoso Dije Sello Magico De Salomon + Ritualizado + Correa"},"content":{"rendered":"<p><strong>PODEROSO DIJE SELLO M\u00c1GICO DE SALOM\u00d3N<\/strong><br \/>\n<strong>RITUALIZADO + CORREA<\/strong><\/p>\n<p>&#8212;QUIENES YA LO USAN YA COMPROBARON SU PODER&#8212;<\/p>\n<p>Si t\u00fa eres de los que d\u00eda a d\u00eda ven su situaci\u00f3n personal, profesional o financiera en punto cr\u00edtico, sin que haya evidencias de estar bajo el hechizo de enemigos o rivales, est\u00e1s siendo v\u00edctima de la Espiral del Fuego Oscuro, tienes que probar el poder del Talism\u00e1n Dije Del Sello M\u00e1gico de Salom\u00f3n.<\/p>\n<p>Si has intentado casi todo, incluso la Magia, y a\u00fan no ves un cambio sustantivo en tu vida, si sientes que no progresas en tu profesi\u00f3n, si te sientes en la incertidumbre de conservar tu empleo o tu ingreso econ\u00f3mico, si no puedes pagar tus deudas o si sientes que requieres una protecci\u00f3n m\u00e1gica que fortalezca tus defensas f\u00edsicas y psicol\u00f3gicas de manera natural para hacer frente a cualquier contingencia que se presente en los tiempos que est\u00e1n por venir, debes solicitar el Talism\u00e1n Dije Del Sello M\u00e1gico de Salom\u00f3n.<\/p>\n<p>El Talism\u00e1n Dije Del Sello M\u00e1gico de Salom\u00f3n. es elaborado, conjurado y consagrado en exclusiva para cada usuario bajo el ritual del Novus Ordo Seclorum de la Alta Magia Gn\u00f3stica Alk\u00edmica .<\/p>\n<p>Por lo general el uso de este Talism\u00e1n del Poderoso Sello M\u00e1gico de Salom\u00f3n se reserva a los Grandes Maestros de Poder; pero ocasionalmente el Consejo de PS\u00cdQUICOS Y VIDENTES ESPA\u00d1OLES decide convocar a no-iniciados que bajo un principio de privilegio son invitados a recibir las bendiciones de la Alta Magia Gn\u00f3stica Alk\u00edmica.<\/p>\n<p>El Talism\u00e1n del Poderoso Sello M\u00e1gico de Salom\u00f3n es un s\u00edmbolo secreto asignado a cada consultante de acuerdo con sus vibraciones k\u00e1rmicas, que est\u00e1 ritualizado debidamente ritualizado, el cual es encapsulado en resina y\/o acr\u00edlico para que lo cargues siempre y para su \u00f3ptima conservaci\u00f3n eterna.<\/p>\n<p>&nbsp;<\/p>\n<p>&nbsp;<\/p>\n<p><strong>BAZAR MERL\u00cdN<\/strong><br \/>\n<strong>El Lugar M\u00e1s M\u00edstico de Guadalajara<\/strong><br \/>\n<strong>ENVIAMOS A TODO M\u00c9XICO<\/strong><\/p>\n<!-- AddThis Advanced Settings generic via filter on the_content --><!-- AddThis Share Buttons generic via filter on the_content -->","protected":false},"excerpt":{"rendered":"<p>PODEROSO DIJE SELLO M\u00c1GICO DE SALOM\u00d3N RITUALIZADO + CORREA &#8212;QUIENES YA LO USAN YA COMPROBARON SU PODER&#8212; Si t\u00fa eres de los que d\u00eda a d\u00eda ven su situaci\u00f3n personal, profesional o financiera en punto cr\u00edtico, sin que haya evidencias de estar bajo el hechizo de enemigos o rivales, est\u00e1s siendo v\u00edctima de la Espiral&hellip;<!-- AddThis Advanced Settings generic via filter on get_the_excerpt --><!-- AddThis Share Buttons generic via filter on get_the_excerpt --><\/p>\n","protected":false},"featured_media":9211,"template":"","meta":[],"product_cat":[12],"product_tag":[2204],"_links":{"self":[{"href":"https:\/\/www.bazarmerlin.com\/inicio\/wp-json\/wp\/v2\/product\/9210"}],"collection":[{"href":"https:\/\/www.bazarmerlin.com\/inicio\/wp-json\/wp\/v2\/product"}],"about":[{"href":"https:\/\/www.bazarmerlin.com\/inicio\/wp-json\/wp\/v2\/types\/product"}],"wp:featuredmedia":[{"embeddable":true,"href":"https:\/\/www.bazarmerlin.com\/inicio\/wp-json\/wp\/v2\/media\/9211"}],"wp:attachment":[{"href":"https:\/\/www.bazarmerlin.com\/inicio\/wp-json\/wp\/v2\/media?parent=9210"}],"wp:term":[{"taxonomy":"product_cat","embeddable":true,"href":"https:\/\/www.bazarmerlin.com\/inicio\/wp-json\/wp\/v2\/product_cat?post=9210"},{"taxonomy":"product_tag","embeddable":true,"href":"https:\/\/www.bazarmerlin.com\/inicio\/wp-json\/wp\/v2\/product_tag?post=9210"}],"curies":[{"name":"wp","href":"https:\/\/api.w.org\/{rel}","templated":true}]}}