{"id":922,"date":"2015-07-04T17:48:13","date_gmt":"2015-07-04T17:48:13","guid":{"rendered":"https:\/\/www.bazarmerlin.com\/inicio\/?post_type=product&#038;p=922"},"modified":"2022-11-09T22:14:00","modified_gmt":"2022-11-09T22:14:00","slug":"octagono-de-prosperidad-y-abundancia-mediano","status":"publish","type":"product","link":"https:\/\/www.bazarmerlin.com\/inicio\/producto\/octagono-de-prosperidad-y-abundancia-mediano\/","title":{"rendered":"Oct\u00e1gono De Abundancia, Prosperidad Y Protecci\u00f3n"},"content":{"rendered":"<p><strong>OCT\u00c1GONO DE SEMILLAS DE LA ABUNDANCIA Y PROSPERIDAD MEDIDA 14 CM DI\u00c1METRO<\/strong><\/p>\n<p>&nbsp;<\/p>\n<p>Octagono fabricado artesanalmente con semillas ritualizadas y consagradas para atraer a su casa, negocio, oficina y su persona,<br \/>\nAbundancia y Prosperidad.<\/p>\n<p>El Oct\u00e1gono est\u00e1 ritualizado y activado con alta magia. Para atraer: abundancia, prosperidad, y suerte en los negocios. Corta envidias y negatividades hacia su casa, negocio y a su persona ya que esta reforzado con la figura del poderoso pentagrama o tetragramat\u00f3n.<\/p>\n<p>&nbsp;<\/p>\n<p>&nbsp;<\/p>\n<p><strong>BAZAR MERL\u00cdN<\/strong><br \/>\n<strong>El Lugar M\u00e1s M\u00edstico de Guadalajara<\/strong><br \/>\n<strong>ENVIAMOS A TODO M\u00c9XICO<\/strong><\/p>\n<!-- AddThis Advanced Settings generic via filter on the_content --><!-- AddThis Share Buttons generic via filter on the_content -->","protected":false},"excerpt":{"rendered":"<p>OCT\u00c1GONO DE SEMILLAS DE LA ABUNDANCIA Y PROSPERIDAD MEDIDA 14 CM DI\u00c1METRO &nbsp; Octagono fabricado artesanalmente con semillas ritualizadas y consagradas para atraer a su casa, negocio, oficina y su persona, Abundancia y Prosperidad. El Oct\u00e1gono est\u00e1 ritualizado y activado con alta magia. Para atraer: abundancia, prosperidad, y suerte en los negocios. Corta envidias y&hellip;<!-- AddThis Advanced Settings generic via filter on get_the_excerpt --><!-- AddThis Share Buttons generic via filter on get_the_excerpt --><\/p>\n","protected":false},"featured_media":10699,"template":"","meta":[],"product_cat":[12],"product_tag":[670,671],"_links":{"self":[{"href":"https:\/\/www.bazarmerlin.com\/inicio\/wp-json\/wp\/v2\/product\/922"}],"collection":[{"href":"https:\/\/www.bazarmerlin.com\/inicio\/wp-json\/wp\/v2\/product"}],"about":[{"href":"https:\/\/www.bazarmerlin.com\/inicio\/wp-json\/wp\/v2\/types\/product"}],"wp:featuredmedia":[{"embeddable":true,"href":"https:\/\/www.bazarmerlin.com\/inicio\/wp-json\/wp\/v2\/media\/10699"}],"wp:attachment":[{"href":"https:\/\/www.bazarmerlin.com\/inicio\/wp-json\/wp\/v2\/media?parent=922"}],"wp:term":[{"taxonomy":"product_cat","embeddable":true,"href":"https:\/\/www.bazarmerlin.com\/inicio\/wp-json\/wp\/v2\/product_cat?post=922"},{"taxonomy":"product_tag","embeddable":true,"href":"https:\/\/www.bazarmerlin.com\/inicio\/wp-json\/wp\/v2\/product_tag?post=922"}],"curies":[{"name":"wp","href":"https:\/\/api.w.org\/{rel}","templated":true}]}}