{"id":9227,"date":"2022-06-02T18:38:05","date_gmt":"2022-06-02T18:38:05","guid":{"rendered":"https:\/\/www.bazarmerlin.com\/inicio\/?post_type=product&#038;p=9227"},"modified":"2022-10-12T21:24:16","modified_gmt":"2022-10-12T21:24:16","slug":"poderoso-riego-de-anis-abre-caminos-1-litro","status":"publish","type":"product","link":"https:\/\/www.bazarmerlin.com\/inicio\/producto\/poderoso-riego-de-anis-abre-caminos-1-litro\/","title":{"rendered":"Poderoso Riego De An\u00eds &#8211; Abre Caminos 1 Litro"},"content":{"rendered":"<p><strong>Poderoso Riego De An\u00eds &#8211; Abre Caminos 1 Litro<\/strong><\/p>\n<p>&nbsp;<\/p>\n<p>Facilita la inspiraci\u00f3n antes y durante la tirada del tarot y\/o cartomancia<br \/>\nActiva la imaginaci\u00f3n en las personas con actividades art\u00edsticas como:<\/p>\n<ul>\n<li>PINTORES<\/li>\n<li>ESCRITORES<\/li>\n<li>MUSICOS<\/li>\n<li>DISE\u00d1ADORES<\/li>\n<li>ARQUITECTOS<\/li>\n<li>ETC&#8230;<\/li>\n<\/ul>\n<p>&nbsp;<\/p>\n<p>&nbsp;<\/p>\n<p><strong>BAZAR MERLIN<\/strong><br \/>\n<strong>El Lugar M\u00e1s M\u00edstico de Guadalajara<\/strong><br \/>\n<strong>ENVIAMOS A TODO M\u00c9XICO Y EL MUNDO\u2026<\/strong><\/p>\n<!-- AddThis Advanced Settings generic via filter on the_content --><!-- AddThis Share Buttons generic via filter on the_content -->","protected":false},"excerpt":{"rendered":"<p>Poderoso Riego De An\u00eds &#8211; Abre Caminos 1 Litro &nbsp; Facilita la inspiraci\u00f3n antes y durante la tirada del tarot y\/o cartomancia Activa la imaginaci\u00f3n en las personas con actividades art\u00edsticas como: PINTORES ESCRITORES MUSICOS DISE\u00d1ADORES ARQUITECTOS ETC&#8230; &nbsp; &nbsp; BAZAR MERLIN El Lugar M\u00e1s M\u00edstico de Guadalajara ENVIAMOS A TODO M\u00c9XICO Y EL MUNDO\u2026<!-- AddThis Advanced Settings generic via filter on get_the_excerpt --><!-- AddThis Share Buttons generic via filter on get_the_excerpt --><\/p>\n","protected":false},"featured_media":10316,"template":"","meta":[],"product_cat":[14],"product_tag":[2211,2210],"_links":{"self":[{"href":"https:\/\/www.bazarmerlin.com\/inicio\/wp-json\/wp\/v2\/product\/9227"}],"collection":[{"href":"https:\/\/www.bazarmerlin.com\/inicio\/wp-json\/wp\/v2\/product"}],"about":[{"href":"https:\/\/www.bazarmerlin.com\/inicio\/wp-json\/wp\/v2\/types\/product"}],"wp:featuredmedia":[{"embeddable":true,"href":"https:\/\/www.bazarmerlin.com\/inicio\/wp-json\/wp\/v2\/media\/10316"}],"wp:attachment":[{"href":"https:\/\/www.bazarmerlin.com\/inicio\/wp-json\/wp\/v2\/media?parent=9227"}],"wp:term":[{"taxonomy":"product_cat","embeddable":true,"href":"https:\/\/www.bazarmerlin.com\/inicio\/wp-json\/wp\/v2\/product_cat?post=9227"},{"taxonomy":"product_tag","embeddable":true,"href":"https:\/\/www.bazarmerlin.com\/inicio\/wp-json\/wp\/v2\/product_tag?post=9227"}],"curies":[{"name":"wp","href":"https:\/\/api.w.org\/{rel}","templated":true}]}}