{"id":9229,"date":"2022-06-02T18:49:05","date_gmt":"2022-06-02T18:49:05","guid":{"rendered":"https:\/\/www.bazarmerlin.com\/inicio\/?post_type=product&#038;p=9229"},"modified":"2022-06-08T23:42:53","modified_gmt":"2022-06-08T23:42:53","slug":"balsamo-sagrado-de-sandalo-limpia-y-purifica","status":"publish","type":"product","link":"https:\/\/www.bazarmerlin.com\/inicio\/producto\/balsamo-sagrado-de-sandalo-limpia-y-purifica\/","title":{"rendered":"B\u00e1lsamo Sagrado De S\u00e1ndalo &#8211; Limpia Y Purifica"},"content":{"rendered":"<p><strong>B\u00c1LSAMO SAGRADO DE S\u00c1NDALO &#8211; LIMPIA Y PURIFICA<\/strong><br \/>\n<em><strong>Protecci\u00f3n para Hogar y Negocio.<\/strong><\/em><\/p>\n<p>&nbsp;<\/p>\n<p>Limpia y purifica los lugares armoniza, abre caminos, atrae \u00c9xito,<br \/>\ntriunfo, suerte y protecci\u00f3n<\/p>\n<p>Ponga a hervir el contenido en 3 cuartos de agua, cuele la porci\u00f3n,<br \/>\nrevuelva bien y deje reposar por 7 minutos<br \/>\nPARA APLICARLO EN TU PERSONA, CASA O NEGOCIO.<\/p>\n<p>&nbsp;<\/p>\n<p>&nbsp;<\/p>\n<p><strong>BAZAR MERLIN<\/strong><br \/>\n<strong>El Lugar M\u00e1s M\u00edstico de Guadalajara<\/strong><br \/>\n<strong>ENVIAMOS A TODO M\u00c9XICO&#8230;<\/strong><\/p>\n<!-- AddThis Advanced Settings generic via filter on the_content --><!-- AddThis Share Buttons generic via filter on the_content -->","protected":false},"excerpt":{"rendered":"<p>B\u00c1LSAMO SAGRADO DE S\u00c1NDALO &#8211; LIMPIA Y PURIFICA Protecci\u00f3n para Hogar y Negocio. &nbsp; Limpia y purifica los lugares armoniza, abre caminos, atrae \u00c9xito, triunfo, suerte y protecci\u00f3n Ponga a hervir el contenido en 3 cuartos de agua, cuele la porci\u00f3n, revuelva bien y deje reposar por 7 minutos PARA APLICARLO EN TU PERSONA, CASA&hellip;<!-- AddThis Advanced Settings generic via filter on get_the_excerpt --><!-- AddThis Share Buttons generic via filter on get_the_excerpt --><\/p>\n","protected":false},"featured_media":9230,"template":"","meta":[],"product_cat":[14],"product_tag":[2212,2213],"_links":{"self":[{"href":"https:\/\/www.bazarmerlin.com\/inicio\/wp-json\/wp\/v2\/product\/9229"}],"collection":[{"href":"https:\/\/www.bazarmerlin.com\/inicio\/wp-json\/wp\/v2\/product"}],"about":[{"href":"https:\/\/www.bazarmerlin.com\/inicio\/wp-json\/wp\/v2\/types\/product"}],"wp:featuredmedia":[{"embeddable":true,"href":"https:\/\/www.bazarmerlin.com\/inicio\/wp-json\/wp\/v2\/media\/9230"}],"wp:attachment":[{"href":"https:\/\/www.bazarmerlin.com\/inicio\/wp-json\/wp\/v2\/media?parent=9229"}],"wp:term":[{"taxonomy":"product_cat","embeddable":true,"href":"https:\/\/www.bazarmerlin.com\/inicio\/wp-json\/wp\/v2\/product_cat?post=9229"},{"taxonomy":"product_tag","embeddable":true,"href":"https:\/\/www.bazarmerlin.com\/inicio\/wp-json\/wp\/v2\/product_tag?post=9229"}],"curies":[{"name":"wp","href":"https:\/\/api.w.org\/{rel}","templated":true}]}}