{"id":9233,"date":"2022-06-02T19:27:59","date_gmt":"2022-06-02T19:27:59","guid":{"rendered":"https:\/\/www.bazarmerlin.com\/inicio\/?post_type=product&#038;p=9233"},"modified":"2023-01-03T23:46:57","modified_gmt":"2023-01-03T23:46:57","slug":"cuarzo-rosa-o-cuarzo-del-amor-2-kilos-100-importado","status":"publish","type":"product","link":"https:\/\/www.bazarmerlin.com\/inicio\/producto\/cuarzo-rosa-o-cuarzo-del-amor-2-kilos-100-importado\/","title":{"rendered":"Cuarzo Rosa O Cuarzo Del Amor &#8211; 2 Kilos &#8211; 100% Importado"},"content":{"rendered":"<p><strong>CUARZO ROSA &#8211; 2 KILOS<\/strong><br \/>\n<strong>LA MEJOR CALIDAD DEL MERCADO.<\/strong><\/p>\n<p>&nbsp;<\/p>\n<p>El cuarzo es ideal para iniciar un negocio, Ya sea emplearlo para joyer\u00eda, en gemoterapia, o simplemente para venta individual&#8230;&#8230; LA PIEDRA DE CUARZO ROSA sirve para atraer EL AMOR Y LA PASI\u00d3N. y Hacer que tu pareja siempre est\u00e9 contigo. Tr\u00e1elo contigo cada vez que vayas a ver a esa persona que quieras conquistar, cuando est\u00e9s con tu pareja, para socializar o para solucionar problemas con alguien. LOS CRISTALES DE CUARZO act\u00faan como trasformadores y amplificadores de energ\u00eda equilibrando y re-energetizando los sistemas biol\u00f3gicos desde su nivel general, por medio de vibraciones oscilantes. Los cuarzos se utilizan para dar energ\u00eda y recuperar pensamientos acumulados.<\/p>\n<p>Los cristales son \u00fanicos por que se les puede programar para usted mismo. Lo puede realizar acercando el cristal a su tercer ojo y concentr\u00e1ndose en una forma especifica de pensamiento, como una protecci\u00f3n. Los cristales de cuarzo act\u00faan como trasformadores y amplificadores de energ\u00eda equilibrando y reenergetizando los sistemas biol\u00f3gicos desde su nivel general, por medio de vibraciones oscilantes&#8230;..<\/p>\n<p>&nbsp;<\/p>\n<p>&nbsp;<\/p>\n<p>&nbsp;<\/p>\n<p><strong>BAZAR MERL\u00cdN<\/strong><br \/>\n<strong>El Lugar M\u00e1s M\u00edstico de Guadalajara<\/strong><br \/>\n<strong>ENVIAMOS A TODO M\u00c9XICO&#8230;<\/strong><\/p>\n<!-- AddThis Advanced Settings generic via filter on the_content --><!-- AddThis Share Buttons generic via filter on the_content -->","protected":false},"excerpt":{"rendered":"<p>CUARZO ROSA &#8211; 2 KILOS LA MEJOR CALIDAD DEL MERCADO. &nbsp; El cuarzo es ideal para iniciar un negocio, Ya sea emplearlo para joyer\u00eda, en gemoterapia, o simplemente para venta individual&#8230;&#8230; LA PIEDRA DE CUARZO ROSA sirve para atraer EL AMOR Y LA PASI\u00d3N. y Hacer que tu pareja siempre est\u00e9 contigo. Tr\u00e1elo contigo cada&hellip;<!-- AddThis Advanced Settings generic via filter on get_the_excerpt --><!-- AddThis Share Buttons generic via filter on get_the_excerpt --><\/p>\n","protected":false},"featured_media":11336,"template":"","meta":[],"product_cat":[11],"product_tag":[2215],"_links":{"self":[{"href":"https:\/\/www.bazarmerlin.com\/inicio\/wp-json\/wp\/v2\/product\/9233"}],"collection":[{"href":"https:\/\/www.bazarmerlin.com\/inicio\/wp-json\/wp\/v2\/product"}],"about":[{"href":"https:\/\/www.bazarmerlin.com\/inicio\/wp-json\/wp\/v2\/types\/product"}],"wp:featuredmedia":[{"embeddable":true,"href":"https:\/\/www.bazarmerlin.com\/inicio\/wp-json\/wp\/v2\/media\/11336"}],"wp:attachment":[{"href":"https:\/\/www.bazarmerlin.com\/inicio\/wp-json\/wp\/v2\/media?parent=9233"}],"wp:term":[{"taxonomy":"product_cat","embeddable":true,"href":"https:\/\/www.bazarmerlin.com\/inicio\/wp-json\/wp\/v2\/product_cat?post=9233"},{"taxonomy":"product_tag","embeddable":true,"href":"https:\/\/www.bazarmerlin.com\/inicio\/wp-json\/wp\/v2\/product_tag?post=9233"}],"curies":[{"name":"wp","href":"https:\/\/api.w.org\/{rel}","templated":true}]}}