{"id":9238,"date":"2022-06-02T22:27:59","date_gmt":"2022-06-02T22:27:59","guid":{"rendered":"https:\/\/www.bazarmerlin.com\/inicio\/?post_type=product&#038;p=9238"},"modified":"2023-01-10T00:19:47","modified_gmt":"2023-01-10T00:19:47","slug":"incienso-hem-manzana-canela-200-varitas","status":"publish","type":"product","link":"https:\/\/www.bazarmerlin.com\/inicio\/producto\/incienso-hem-manzana-canela-200-varitas\/","title":{"rendered":"Incienso Hem Manzana Canela 200 Varitas"},"content":{"rendered":"<p><strong>INCIENSO MARCA HEM MANZANA CANELA<\/strong><br \/>\n<strong>Presentaci\u00f3n: 200 Varitas en 25 Cajitas con 8 piezas c\/u<\/strong><\/p>\n<p>&nbsp;<\/p>\n<p>Este Incienso es una mezcla de dos fragancias que te traer\u00e1n los siguientes beneficios:<\/p>\n<p>&nbsp;<\/p>\n<p>CANELA:<br \/>\nAyuda a aclarar ideas, es bueno para la meditaci\u00f3n, afrodis\u00edaco, bueno para la protecci\u00f3n, para curar, otorga energ\u00eda al cuerpo, da seguridad, aumenta la capacidad para penetrar en nuestra conciencia ps\u00edquica, ayuda a mejorar nuestra econom\u00eda, atrae el dinero y clientela para el negocio.<\/p>\n<p>MANZANA:<br \/>\nEl aroma de manzana fortalece nuestra salud, tanto a nivel f\u00edsico como mental. Nos protege del dolor f\u00edsico, y garantiza nuestro bienestar y alegr\u00eda.<\/p>\n<p>D\u00e9jalo actuar en tus espacios recurrentes, casa, trabajo, jard\u00edn, etc\u00e9tera para crear un ambiente de armon\u00eda.<\/p>\n<p>&nbsp;<\/p>\n<p>&nbsp;<\/p>\n<p><strong>BAZAR MERLIN<\/strong><br \/>\n<strong>El Lugar M\u00e1s M\u00edstico de Guadalajara<\/strong><br \/>\n<strong>ENVIAMOS A TODO M\u00c9XICO<\/strong><\/p>\n<!-- AddThis Advanced Settings generic via filter on the_content --><!-- AddThis Share Buttons generic via filter on the_content -->","protected":false},"excerpt":{"rendered":"<p>INCIENSO MARCA HEM MANZANA CANELA Presentaci\u00f3n: 200 Varitas en 25 Cajitas con 8 piezas c\/u &nbsp; Este Incienso es una mezcla de dos fragancias que te traer\u00e1n los siguientes beneficios: &nbsp; CANELA: Ayuda a aclarar ideas, es bueno para la meditaci\u00f3n, afrodis\u00edaco, bueno para la protecci\u00f3n, para curar, otorga energ\u00eda al cuerpo, da seguridad, aumenta&hellip;<!-- AddThis Advanced Settings generic via filter on get_the_excerpt --><!-- AddThis Share Buttons generic via filter on get_the_excerpt --><\/p>\n","protected":false},"featured_media":11454,"template":"","meta":[],"product_cat":[274],"product_tag":[2218],"_links":{"self":[{"href":"https:\/\/www.bazarmerlin.com\/inicio\/wp-json\/wp\/v2\/product\/9238"}],"collection":[{"href":"https:\/\/www.bazarmerlin.com\/inicio\/wp-json\/wp\/v2\/product"}],"about":[{"href":"https:\/\/www.bazarmerlin.com\/inicio\/wp-json\/wp\/v2\/types\/product"}],"wp:featuredmedia":[{"embeddable":true,"href":"https:\/\/www.bazarmerlin.com\/inicio\/wp-json\/wp\/v2\/media\/11454"}],"wp:attachment":[{"href":"https:\/\/www.bazarmerlin.com\/inicio\/wp-json\/wp\/v2\/media?parent=9238"}],"wp:term":[{"taxonomy":"product_cat","embeddable":true,"href":"https:\/\/www.bazarmerlin.com\/inicio\/wp-json\/wp\/v2\/product_cat?post=9238"},{"taxonomy":"product_tag","embeddable":true,"href":"https:\/\/www.bazarmerlin.com\/inicio\/wp-json\/wp\/v2\/product_tag?post=9238"}],"curies":[{"name":"wp","href":"https:\/\/api.w.org\/{rel}","templated":true}]}}