{"id":924,"date":"2015-07-04T17:51:38","date_gmt":"2015-07-04T17:51:38","guid":{"rendered":"https:\/\/www.bazarmerlin.com\/inicio\/?post_type=product&#038;p=924"},"modified":"2023-06-20T23:02:20","modified_gmt":"2023-06-20T23:02:20","slug":"medalla-de-san-benito-en-7-metales-virgenes","status":"publish","type":"product","link":"https:\/\/www.bazarmerlin.com\/inicio\/producto\/medalla-de-san-benito-en-7-metales-virgenes\/","title":{"rendered":"Medalla De San Benito En 7 Metales Virgenes"},"content":{"rendered":"<p><strong>MEDALLA DE SAN BENITO &#8211; EN 7 METALES<\/strong><\/p>\n<p>( Medida 2.5 Cm de Di\u00e1metro )<\/p>\n<p>&nbsp;<\/p>\n<p>LA MEJOR PROTECCI\u00d3N CONTRA MALEFICIOS, DA\u00d1OS Y MALA SUERTE.<\/p>\n<p>ESTA HERMOSA MEDALLA SE ENCUENTRA POR EL FRENTE CON LA IMAGEN DEL SANTO PATRIARCA Y POR LA VUELTA LA CRUZ DE SAN BENITO CON LAS LETRAS INICIALES DE LA SIGUIENTE ORACI\u00d3N:<\/p>\n<p>Crux Sancti Patris Benedicti<br \/>\nCruz del Santo Padre Benito<\/p>\n<p>Crux Sacra Sit Mihi Lux<br \/>\nMi luz sea la cruz santa,<\/p>\n<p>Non Draco Sit Mihi Dux<br \/>\nNo sea el demonio mi gu\u00eda<\/p>\n<p>Vade Retro Satana<br \/>\n\u00a1Ap\u00e1rtate, Satan\u00e1s!<\/p>\n<p>Numquam Suade Mihi Vana<br \/>\nNo sugieras cosas vanas,<\/p>\n<p>Sunt Mala Quae Libas<br \/>\nPues maldad es lo que brindas<\/p>\n<p>Ipse Venena Bibas<br \/>\nBebe t\u00fa mismo el veneno.<\/p>\n<p>LA MEDALLA DE SAN BENITO HA SIDO PROPAGADA POR TODO EL MUNDO DESDE HACE M\u00c1S DE 300 A\u00d1OS POR SU GRAN PODER Y FUERZA ESPIRITUAL QUE TIENE A QUIEN LA PORTE, ESPECIALMENTE PORTADA POR LOS MONJES BENEDICTOS CUBRA POR SU EFICACIA ANTE CUALQUIER DEMONIO Y SUS MANIFESTACIONES; EN DEFENSA CONTRA MALEFICIOS DE CUALQUIER G\u00c9NERO, CONTRA ENFERMEDADES, COMO PREVIENE CUALQUIER TIPO DE ACCIDENTE EN CASA, VEH\u00cdCULOS O NEGOCIOS, AYUDA ATRAER EL \u00c9XITO A QUIEN LA PODER POR EL PODER DE SU SIMBOLOG\u00cdA.<\/p>\n<p>MEDALLA DE SAN BENITO EN 7 METALES<\/p>\n<p>( Medida 2.5 Cm de Di\u00e1metro )<\/p>\n<p>&nbsp;<\/p>\n<p>LA MEJOR PROTECCI\u00d3N CONTRA MALEFICIOS, DA\u00d1OS Y MALA SUERTE.<\/p>\n<p>CALIDAD DE EXPORTACI\u00d3N<\/p>\n<p>&nbsp;<\/p>\n<p>&nbsp;<\/p>\n<p><strong>BAZAR\u00a0<\/strong><b>MERL\u00cdN<\/b><br \/>\n<strong>El Lugar M\u00e1s M\u00edstico de Guadalajara<\/strong><br \/>\n<strong>ENVIAMOS A TODO M\u00c9XICO <\/strong><\/p>\n<!-- AddThis Advanced Settings generic via filter on the_content --><!-- AddThis Share Buttons generic via filter on the_content -->","protected":false},"excerpt":{"rendered":"<p>MEDALLA DE SAN BENITO &#8211; EN 7 METALES ( Medida 2.5 Cm de Di\u00e1metro ) &nbsp; LA MEJOR PROTECCI\u00d3N CONTRA MALEFICIOS, DA\u00d1OS Y MALA SUERTE. ESTA HERMOSA MEDALLA SE ENCUENTRA POR EL FRENTE CON LA IMAGEN DEL SANTO PATRIARCA Y POR LA VUELTA LA CRUZ DE SAN BENITO CON LAS LETRAS INICIALES DE LA SIGUIENTE&hellip;<!-- AddThis Advanced Settings generic via filter on get_the_excerpt --><!-- AddThis Share Buttons generic via filter on get_the_excerpt --><\/p>\n","protected":false},"featured_media":10675,"template":"","meta":[],"product_cat":[12],"product_tag":[672],"_links":{"self":[{"href":"https:\/\/www.bazarmerlin.com\/inicio\/wp-json\/wp\/v2\/product\/924"}],"collection":[{"href":"https:\/\/www.bazarmerlin.com\/inicio\/wp-json\/wp\/v2\/product"}],"about":[{"href":"https:\/\/www.bazarmerlin.com\/inicio\/wp-json\/wp\/v2\/types\/product"}],"wp:featuredmedia":[{"embeddable":true,"href":"https:\/\/www.bazarmerlin.com\/inicio\/wp-json\/wp\/v2\/media\/10675"}],"wp:attachment":[{"href":"https:\/\/www.bazarmerlin.com\/inicio\/wp-json\/wp\/v2\/media?parent=924"}],"wp:term":[{"taxonomy":"product_cat","embeddable":true,"href":"https:\/\/www.bazarmerlin.com\/inicio\/wp-json\/wp\/v2\/product_cat?post=924"},{"taxonomy":"product_tag","embeddable":true,"href":"https:\/\/www.bazarmerlin.com\/inicio\/wp-json\/wp\/v2\/product_tag?post=924"}],"curies":[{"name":"wp","href":"https:\/\/api.w.org\/{rel}","templated":true}]}}