{"id":9244,"date":"2022-06-02T23:04:08","date_gmt":"2022-06-02T23:04:08","guid":{"rendered":"https:\/\/www.bazarmerlin.com\/inicio\/?post_type=product&#038;p=9244"},"modified":"2022-06-23T17:11:38","modified_gmt":"2022-06-23T17:11:38","slug":"pulsera-7-chakras-cuarzo-piedra-volcanica-y-arbol-de-la-vida","status":"publish","type":"product","link":"https:\/\/www.bazarmerlin.com\/inicio\/producto\/pulsera-7-chakras-cuarzo-piedra-volcanica-y-arbol-de-la-vida\/","title":{"rendered":"Pulsera 7 Chakras Cuarzo Piedra Volc\u00e1nica Y \u00c1rbol De La Vida"},"content":{"rendered":"<p><strong>PULSERA DE LOS 7 CHAKRAS<\/strong><br \/>\n<strong>CON CUARZOS, PIEDRA VOLC\u00c1NICA Y \u00c1RBOL DE LA VIDA<\/strong><\/p>\n<p>&nbsp;<\/p>\n<p>Cada Chakr\u00e1 posee unos atributos \u00fanicos y tiene asociado un color, una nota musical y una vibraci\u00f3n espec\u00edfica. Gracias a las propiedades f\u00edsicas de los minerales y piedras semipreciosas, constituidas en el proceso geol\u00f3gico de su formaci\u00f3n, estos pueden canalizar energ\u00eda<\/p>\n<p>Gracias a esta pulsera podr\u00e1s recibir la energ\u00eda positiva del universo gracias a la acci\u00f3n del \u00e1rbol de la vida y regulalo internamente gracias a los 7 chakras<\/p>\n<p>Desde la antig\u00fcedad se ha usado la imagen del \u00e1rbol de la vida para atraer la energ\u00eda positiva hacia nosotros. En muchos pa\u00edses y religiones, se venera de una forma u otra al \u00e1rbol de la vida. Para muchos tambi\u00e9n es un s\u00edmbolo muy importante ya que de \u00e9l surgen las diferentes especies animales.<\/p>\n<p>Los 7 chakras son centros energ\u00e9ticos dentro de nuestro cuerpo humano. Cada uno de los chakras contral una funci\u00f3n espec\u00edfica, tanto dentro del cuerpo como an\u00edmicamente. Al mantener nuestros chakras balanceados, nos sentiremos mejor y evitaremos dolencias y enfermedades que nos pueden afectar.<\/p>\n<p>Gracias a la acci\u00f3n de ambos, podr\u00e1s mejorar interiormente y exteriormente.<\/p>\n<p>&nbsp;<\/p>\n<p>&nbsp;<\/p>\n<p><strong>BAZAR MERLIN<\/strong><br \/>\n<strong>El Lugar M\u00e1s M\u00edstico de Guadalajara<\/strong><br \/>\n<strong>ENVIAMOS A TODO M\u00c9XICO&#8230;<\/strong><\/p>\n<!-- AddThis Advanced Settings generic via filter on the_content --><!-- AddThis Share Buttons generic via filter on the_content -->","protected":false},"excerpt":{"rendered":"<p>PULSERA DE LOS 7 CHAKRAS CON CUARZOS, PIEDRA VOLC\u00c1NICA Y \u00c1RBOL DE LA VIDA &nbsp; Cada Chakr\u00e1 posee unos atributos \u00fanicos y tiene asociado un color, una nota musical y una vibraci\u00f3n espec\u00edfica. Gracias a las propiedades f\u00edsicas de los minerales y piedras semipreciosas, constituidas en el proceso geol\u00f3gico de su formaci\u00f3n, estos pueden canalizar&hellip;<!-- AddThis Advanced Settings generic via filter on get_the_excerpt --><!-- AddThis Share Buttons generic via filter on get_the_excerpt --><\/p>\n","protected":false},"featured_media":9245,"template":"","meta":[],"product_cat":[16],"product_tag":[2222],"_links":{"self":[{"href":"https:\/\/www.bazarmerlin.com\/inicio\/wp-json\/wp\/v2\/product\/9244"}],"collection":[{"href":"https:\/\/www.bazarmerlin.com\/inicio\/wp-json\/wp\/v2\/product"}],"about":[{"href":"https:\/\/www.bazarmerlin.com\/inicio\/wp-json\/wp\/v2\/types\/product"}],"wp:featuredmedia":[{"embeddable":true,"href":"https:\/\/www.bazarmerlin.com\/inicio\/wp-json\/wp\/v2\/media\/9245"}],"wp:attachment":[{"href":"https:\/\/www.bazarmerlin.com\/inicio\/wp-json\/wp\/v2\/media?parent=9244"}],"wp:term":[{"taxonomy":"product_cat","embeddable":true,"href":"https:\/\/www.bazarmerlin.com\/inicio\/wp-json\/wp\/v2\/product_cat?post=9244"},{"taxonomy":"product_tag","embeddable":true,"href":"https:\/\/www.bazarmerlin.com\/inicio\/wp-json\/wp\/v2\/product_tag?post=9244"}],"curies":[{"name":"wp","href":"https:\/\/api.w.org\/{rel}","templated":true}]}}