{"id":9249,"date":"2022-06-02T23:20:16","date_gmt":"2022-06-02T23:20:16","guid":{"rendered":"https:\/\/www.bazarmerlin.com\/inicio\/?post_type=product&#038;p=9249"},"modified":"2023-08-19T00:52:06","modified_gmt":"2023-08-19T00:52:06","slug":"7-aceites-para-limpia-y-despojos-para-cada-dia-de-la-semana","status":"publish","type":"product","link":"https:\/\/www.bazarmerlin.com\/inicio\/producto\/7-aceites-para-limpia-y-despojos-para-cada-dia-de-la-semana\/","title":{"rendered":"7 Aceites Para Limpia Y Despojos Para Cada D\u00eda De La Semana"},"content":{"rendered":"<p><strong>7 Aceites para Limpia y Despojos (un aceite para cada d\u00eda de la semana).<\/strong><\/p>\n<p>&nbsp;<\/p>\n<p>&#8220;Limpias Espirituales para retirar la Mala Suerte en las personas que sufren un mal puesto, embrujo o hechicer\u00eda.&#8221;<\/p>\n<p>Contiene:<br \/>\nSiete Frascos con aceites esenciales para ba\u00f1os.<br \/>\nUn Jab\u00f3n preparado para limpias y despojos.<\/p>\n<p>&nbsp;<\/p>\n<p>&nbsp;<\/p>\n<p><strong>BAZAR MERLIN\u00ae<\/strong><br \/>\n<strong>El Lugar M\u00e1s M\u00edstico de Guadalajara<\/strong><br \/>\n<strong>ENVIAMOS A TODO M\u00c9XICO<\/strong><\/p>\n<!-- AddThis Advanced Settings generic via filter on the_content --><!-- AddThis Share Buttons generic via filter on the_content -->","protected":false},"excerpt":{"rendered":"<p>7 Aceites para Limpia y Despojos (un aceite para cada d\u00eda de la semana). &nbsp; &#8220;Limpias Espirituales para retirar la Mala Suerte en las personas que sufren un mal puesto, embrujo o hechicer\u00eda.&#8221; Contiene: Siete Frascos con aceites esenciales para ba\u00f1os. Un Jab\u00f3n preparado para limpias y despojos. &nbsp; &nbsp; BAZAR MERLIN\u00ae El Lugar M\u00e1s&hellip;<!-- AddThis Advanced Settings generic via filter on get_the_excerpt --><!-- AddThis Share Buttons generic via filter on get_the_excerpt --><\/p>\n","protected":false},"featured_media":10109,"template":"","meta":[],"product_cat":[14],"product_tag":[2223],"_links":{"self":[{"href":"https:\/\/www.bazarmerlin.com\/inicio\/wp-json\/wp\/v2\/product\/9249"}],"collection":[{"href":"https:\/\/www.bazarmerlin.com\/inicio\/wp-json\/wp\/v2\/product"}],"about":[{"href":"https:\/\/www.bazarmerlin.com\/inicio\/wp-json\/wp\/v2\/types\/product"}],"wp:featuredmedia":[{"embeddable":true,"href":"https:\/\/www.bazarmerlin.com\/inicio\/wp-json\/wp\/v2\/media\/10109"}],"wp:attachment":[{"href":"https:\/\/www.bazarmerlin.com\/inicio\/wp-json\/wp\/v2\/media?parent=9249"}],"wp:term":[{"taxonomy":"product_cat","embeddable":true,"href":"https:\/\/www.bazarmerlin.com\/inicio\/wp-json\/wp\/v2\/product_cat?post=9249"},{"taxonomy":"product_tag","embeddable":true,"href":"https:\/\/www.bazarmerlin.com\/inicio\/wp-json\/wp\/v2\/product_tag?post=9249"}],"curies":[{"name":"wp","href":"https:\/\/api.w.org\/{rel}","templated":true}]}}