{"id":9266,"date":"2022-06-03T17:07:23","date_gmt":"2022-06-03T17:07:23","guid":{"rendered":"https:\/\/www.bazarmerlin.com\/inicio\/?post_type=product&#038;p=9266"},"modified":"2022-12-16T22:32:53","modified_gmt":"2022-12-16T22:32:53","slug":"veladora-desespero-atrae-a-tu-amor","status":"publish","type":"product","link":"https:\/\/www.bazarmerlin.com\/inicio\/producto\/veladora-desespero-atrae-a-tu-amor\/","title":{"rendered":"Veladora Desespero &#8211; Atrae A Tu Amor"},"content":{"rendered":"<p><strong>PODEROSA VELADORA DESESPERO, ATRAE A TU AMOR<\/strong><br \/>\n<strong>HAZ QUE PIENSE EN TI D\u00cdA Y NOCHE.<\/strong><\/p>\n<p>&nbsp;<\/p>\n<p>Usa esta veladora para que tu ser amado desespere, se intranquilice y nunca jam\u00e1s se aleje de ti.<br \/>\nCon esta veladora obtendr\u00e1s al ser amado haciendo tu voluntad y dominio completo.<\/p>\n<p>INCLUYE ORACI\u00d3N Y NOSOTROS TE INDICAREMOS COMO USAR ESTA PODEROSA VELADORA!<\/p>\n<p>&nbsp;<\/p>\n<p>&nbsp;<\/p>\n<p><strong>BAZAR MERLIN<\/strong><br \/>\n<strong>El Lugar M\u00e1s M\u00edstico de Guadalajara<\/strong><br \/>\n<strong>ENVIAMOS A TODO M\u00c9XICO\u00a0<\/strong><\/p>\n<!-- AddThis Advanced Settings generic via filter on the_content --><!-- AddThis Share Buttons generic via filter on the_content -->","protected":false},"excerpt":{"rendered":"<p>PODEROSA VELADORA DESESPERO, ATRAE A TU AMOR HAZ QUE PIENSE EN TI D\u00cdA Y NOCHE. &nbsp; Usa esta veladora para que tu ser amado desespere, se intranquilice y nunca jam\u00e1s se aleje de ti. Con esta veladora obtendr\u00e1s al ser amado haciendo tu voluntad y dominio completo. INCLUYE ORACI\u00d3N Y NOSOTROS TE INDICAREMOS COMO USAR&hellip;<!-- AddThis Advanced Settings generic via filter on get_the_excerpt --><!-- AddThis Share Buttons generic via filter on get_the_excerpt --><\/p>\n","protected":false},"featured_media":10774,"template":"","meta":[],"product_cat":[19],"product_tag":[2229,2228],"_links":{"self":[{"href":"https:\/\/www.bazarmerlin.com\/inicio\/wp-json\/wp\/v2\/product\/9266"}],"collection":[{"href":"https:\/\/www.bazarmerlin.com\/inicio\/wp-json\/wp\/v2\/product"}],"about":[{"href":"https:\/\/www.bazarmerlin.com\/inicio\/wp-json\/wp\/v2\/types\/product"}],"wp:featuredmedia":[{"embeddable":true,"href":"https:\/\/www.bazarmerlin.com\/inicio\/wp-json\/wp\/v2\/media\/10774"}],"wp:attachment":[{"href":"https:\/\/www.bazarmerlin.com\/inicio\/wp-json\/wp\/v2\/media?parent=9266"}],"wp:term":[{"taxonomy":"product_cat","embeddable":true,"href":"https:\/\/www.bazarmerlin.com\/inicio\/wp-json\/wp\/v2\/product_cat?post=9266"},{"taxonomy":"product_tag","embeddable":true,"href":"https:\/\/www.bazarmerlin.com\/inicio\/wp-json\/wp\/v2\/product_tag?post=9266"}],"curies":[{"name":"wp","href":"https:\/\/api.w.org\/{rel}","templated":true}]}}