{"id":9365,"date":"2022-06-21T23:55:19","date_gmt":"2022-06-21T23:55:19","guid":{"rendered":"https:\/\/www.bazarmerlin.com\/inicio\/?post_type=product&#038;p=9365"},"modified":"2022-06-22T17:15:04","modified_gmt":"2022-06-22T17:15:04","slug":"kit-ven-a-mi-para-atraer-al-ser-amado-locion-jabon-vela","status":"publish","type":"product","link":"https:\/\/www.bazarmerlin.com\/inicio\/producto\/kit-ven-a-mi-para-atraer-al-ser-amado-locion-jabon-vela\/","title":{"rendered":"Kit Ven A Mi Para Atraer Al Ser Amado &#8211; Loci\u00f3n Jab\u00f3n Vela"},"content":{"rendered":"<p><strong>KIT VEN A MI<\/strong><br \/>\n<strong>PARA ATRAE AL SER AMADO<\/strong><\/p>\n<p>&nbsp;<\/p>\n<p>Contiene:<\/p>\n<p>* Loci\u00f3n 60ml.<br \/>\n* Esencia 16ml.<br \/>\n* Jab\u00f3n 100g.<br \/>\n* M\u00e1ndala (Imagen)<br \/>\n* Incienso<br \/>\n* Vela Arom\u00e1tica<\/p>\n<p>Elaborado con extractos, esencias y hiervas naturales que ayudan a incrementar tu atractivo y atracci\u00f3n inmediatamente, este poderoso KIT ayudara a atraer y retener a la persona amada por su preparaci\u00f3n y consagraci\u00f3n por verdaderos conocedores de la alta magia para que el amor nunca falte y sea de una forma muy bella y hermosa en nuestras vidas sobre todo de muy f\u00e1cil uso.<\/p>\n<p>KIT VEN A MI PARA QUE VENGA A TI DE UNA MANERA R\u00c1PIDA Y<br \/>\nSOBRE TODO MUY EFECTIVA<\/p>\n<p>Irresistible que har\u00e1 caer a tus pies al ser amado por m\u00e1s lejos que se encuentre.<\/p>\n<p>Se dice que algunos curadores y maestros chamanes lo utilizan para atraer<br \/>\nal ser amado por su poder seductor.<\/p>\n<p>DESEO, ATRACCION, AMOR, FIDELIDAD y Feromonas.<\/p>\n<p>&nbsp;<\/p>\n<p>&nbsp;<\/p>\n<p><strong>BAZAR MERLIN\u00ae<\/strong><br \/>\n<strong>El Lugar M\u00e1s M\u00edstico de Guadalajara<\/strong><br \/>\n<strong>ENVIAMOS A TODO M\u00c9XICO&#8230;<\/strong><\/p>\n<!-- AddThis Advanced Settings generic via filter on the_content --><!-- AddThis Share Buttons generic via filter on the_content -->","protected":false},"excerpt":{"rendered":"<p>KIT VEN A MI PARA ATRAE AL SER AMADO &nbsp; Contiene: * Loci\u00f3n 60ml. * Esencia 16ml. * Jab\u00f3n 100g. * M\u00e1ndala (Imagen) * Incienso * Vela Arom\u00e1tica Elaborado con extractos, esencias y hiervas naturales que ayudan a incrementar tu atractivo y atracci\u00f3n inmediatamente, este poderoso KIT ayudara a atraer y retener a la persona&hellip;<!-- AddThis Advanced Settings generic via filter on get_the_excerpt --><!-- AddThis Share Buttons generic via filter on get_the_excerpt --><\/p>\n","protected":false},"featured_media":9372,"template":"","meta":[],"product_cat":[14],"product_tag":[],"_links":{"self":[{"href":"https:\/\/www.bazarmerlin.com\/inicio\/wp-json\/wp\/v2\/product\/9365"}],"collection":[{"href":"https:\/\/www.bazarmerlin.com\/inicio\/wp-json\/wp\/v2\/product"}],"about":[{"href":"https:\/\/www.bazarmerlin.com\/inicio\/wp-json\/wp\/v2\/types\/product"}],"wp:featuredmedia":[{"embeddable":true,"href":"https:\/\/www.bazarmerlin.com\/inicio\/wp-json\/wp\/v2\/media\/9372"}],"wp:attachment":[{"href":"https:\/\/www.bazarmerlin.com\/inicio\/wp-json\/wp\/v2\/media?parent=9365"}],"wp:term":[{"taxonomy":"product_cat","embeddable":true,"href":"https:\/\/www.bazarmerlin.com\/inicio\/wp-json\/wp\/v2\/product_cat?post=9365"},{"taxonomy":"product_tag","embeddable":true,"href":"https:\/\/www.bazarmerlin.com\/inicio\/wp-json\/wp\/v2\/product_tag?post=9365"}],"curies":[{"name":"wp","href":"https:\/\/api.w.org\/{rel}","templated":true}]}}