{"id":9466,"date":"2022-07-29T22:23:30","date_gmt":"2022-07-29T22:23:30","guid":{"rendered":"https:\/\/www.bazarmerlin.com\/inicio\/?post_type=product&#038;p=9466"},"modified":"2024-02-09T21:28:51","modified_gmt":"2024-02-09T21:28:51","slug":"libro-el-kit-del-pendulo-libro-y-pendulo-con-cadena","status":"publish","type":"product","link":"https:\/\/www.bazarmerlin.com\/inicio\/producto\/libro-el-kit-del-pendulo-libro-y-pendulo-con-cadena\/","title":{"rendered":"Libro El Kit Del P\u00e9ndulo &#8211; Libro Y P\u00e9ndulo Con Cadena"},"content":{"rendered":"<p><strong>EL KIT DEL P\u00c9NDULO<\/strong><\/p>\n<p>&nbsp;<\/p>\n<p>La Manera m\u00e1s F\u00e1cil de adivinar el Futuro, Predecir Acontecimientos y responder Preguntas sobre la Salud, el Trabajo y el Amor.<\/p>\n<p>-Incluye:<br \/>\n* P\u00e9ndulo con Cadena y Libro de Instrucciones*<\/p>\n<p>Autor: Lonegren, Sig<br \/>\n128 p\u00e1ginas<\/p>\n<p>El p\u00e9ndulo es una herramienta que salva el vac\u00edo entre nuestros dos hemisferios cerebrales: el izquierdo de la l\u00f3gica y el derecho de la intuici\u00f3n. Mediante la interpretaci\u00f3n de las oscilaciones del p\u00e9ndulo lograr\u00e1s estimular tu intuici\u00f3n, adivinar las respuestas a cualquier pregunta, encontrar objetos perdidos y localizar los centros de energ\u00eda de la Tierra.El presente kit incluye todo lo que necesitas para convertirte en un radiestesista experto: un p\u00e9ndulo con cadena y un libro de instrucciones de 128 p\u00e1ginas con ejercicios, mapas y tablas de radiestesia y de astrolog\u00eda.<\/p>\n<p>Todo este material te ayudar\u00e1 a:- Interpretar todos los movimientos del p\u00e9ndulo, incluso si no se mueve nada.- Responder a preguntas sobre la salud, la vida amorosa, el trabajo y las aptitudes.- Usar las tablas de los SIGNOS DEL ZOD\u00cdACO, de los PLANETAS y de las CASAS ASTROL\u00d3GICAS para la adivinaci\u00f3n.- Pronosticar el tiempo y la temperatura.- Predecir el futuro.- Localizar reservas subterr\u00e1neas de agua o petr\u00f3leo.- Encontrar objetos perdidos.- Descubrir lugares sagrados, centros de energ\u00eda y l\u00edneas de luz.- Determinar los alimentos m\u00e1s saludables o menos convenientes para ti.- Componer tus propios remedios florales.- Fabricar y utilizar tus propias herramientas de radiestesia como varillas, etc.<\/p>\n<p>Con tu p\u00e9ndulo personal tendr\u00e1s la llave para abrir las puertas hacia los misterios de la Tierra y sus campos de energ\u00eda, y para aprovechar el poder ilimitado de tu propia mente.<\/p>\n<p>&nbsp;<\/p>\n<p>&nbsp;<\/p>\n<p><strong>BAZAR MERLIN\u00ae<\/strong><br \/>\n<strong>El Lugar M\u00e1s M\u00edstico de Guadalajara<\/strong><br \/>\n<strong>ENVIAMOS A TODO M\u00c9XICO<\/strong><\/p>\n<!-- AddThis Advanced Settings generic via filter on the_content --><!-- AddThis Share Buttons generic via filter on the_content -->","protected":false},"excerpt":{"rendered":"<p>EL KIT DEL P\u00c9NDULO &nbsp; La Manera m\u00e1s F\u00e1cil de adivinar el Futuro, Predecir Acontecimientos y responder Preguntas sobre la Salud, el Trabajo y el Amor. -Incluye: * P\u00e9ndulo con Cadena y Libro de Instrucciones* Autor: Lonegren, Sig 128 p\u00e1ginas El p\u00e9ndulo es una herramienta que salva el vac\u00edo entre nuestros dos hemisferios cerebrales: el&hellip;<!-- AddThis Advanced Settings generic via filter on get_the_excerpt --><!-- AddThis Share Buttons generic via filter on get_the_excerpt --><\/p>\n","protected":false},"featured_media":9468,"template":"","meta":[],"product_cat":[13],"product_tag":[],"_links":{"self":[{"href":"https:\/\/www.bazarmerlin.com\/inicio\/wp-json\/wp\/v2\/product\/9466"}],"collection":[{"href":"https:\/\/www.bazarmerlin.com\/inicio\/wp-json\/wp\/v2\/product"}],"about":[{"href":"https:\/\/www.bazarmerlin.com\/inicio\/wp-json\/wp\/v2\/types\/product"}],"wp:featuredmedia":[{"embeddable":true,"href":"https:\/\/www.bazarmerlin.com\/inicio\/wp-json\/wp\/v2\/media\/9468"}],"wp:attachment":[{"href":"https:\/\/www.bazarmerlin.com\/inicio\/wp-json\/wp\/v2\/media?parent=9466"}],"wp:term":[{"taxonomy":"product_cat","embeddable":true,"href":"https:\/\/www.bazarmerlin.com\/inicio\/wp-json\/wp\/v2\/product_cat?post=9466"},{"taxonomy":"product_tag","embeddable":true,"href":"https:\/\/www.bazarmerlin.com\/inicio\/wp-json\/wp\/v2\/product_tag?post=9466"}],"curies":[{"name":"wp","href":"https:\/\/api.w.org\/{rel}","templated":true}]}}