{"id":9486,"date":"2022-08-03T22:55:17","date_gmt":"2022-08-03T22:55:17","guid":{"rendered":"https:\/\/www.bazarmerlin.com\/inicio\/?post_type=product&#038;p=9486"},"modified":"2023-06-29T21:01:57","modified_gmt":"2023-06-29T21:01:57","slug":"perfume-nudo-de-bruja-con-talisman-preparado","status":"publish","type":"product","link":"https:\/\/www.bazarmerlin.com\/inicio\/producto\/perfume-nudo-de-bruja-con-talisman-preparado\/","title":{"rendered":"Perfume Nudo De Bruja Con Talism\u00e1n Preparado"},"content":{"rendered":"<p><strong>PERFUME NUDO DE BRUJA<\/strong><br \/>\n<strong>CON TALISM\u00c1N PREPARADO<\/strong><\/p>\n<p>&nbsp;<\/p>\n<p>CONTRA BRUJERIA Y PROTECCION.<\/p>\n<p>Este Perfume y Talism\u00e1n Nudo de Bruja anula los hechizos y la negatividad de fuentes externas. Es un medio de defensa, pero tambi\u00e9n puede ser de ataque. Mucho depende de la persona que lo use.<\/p>\n<p>Algunos practicantes de lo esot\u00e9rico, usa este talism\u00e1n para evitar que una persona hiciera da\u00f1o a los dem\u00e1s o a si mismo. De este Talism\u00e1n derivan los actuales amarres. Los hechizos de ataduras como los que hacen con el nudo de las brujas. Un\u00eda parejas en matrimonio o proteg\u00eda a los seres queridos.<\/p>\n<p>Hoy en d\u00eda se usa para amarrar a una pareja.<\/p>\n<p>&nbsp;<\/p>\n<p>&nbsp;<\/p>\n<p><strong>BAZAR MERLIN\u00ae<\/strong><br \/>\n<strong>El Lugar M\u00e1s M\u00edstico de Guadalajara<\/strong><br \/>\n<strong>ENVIAMOS A TODO M\u00c9XICO&#8230;<\/strong><\/p>\n<!-- AddThis Advanced Settings generic via filter on the_content --><!-- AddThis Share Buttons generic via filter on the_content -->","protected":false},"excerpt":{"rendered":"<p>PERFUME NUDO DE BRUJA CON TALISM\u00c1N PREPARADO &nbsp; CONTRA BRUJERIA Y PROTECCION. Este Perfume y Talism\u00e1n Nudo de Bruja anula los hechizos y la negatividad de fuentes externas. Es un medio de defensa, pero tambi\u00e9n puede ser de ataque. Mucho depende de la persona que lo use. Algunos practicantes de lo esot\u00e9rico, usa este talism\u00e1n&hellip;<!-- AddThis Advanced Settings generic via filter on get_the_excerpt --><!-- AddThis Share Buttons generic via filter on get_the_excerpt --><\/p>\n","protected":false},"featured_media":9488,"template":"","meta":[],"product_cat":[20],"product_tag":[],"_links":{"self":[{"href":"https:\/\/www.bazarmerlin.com\/inicio\/wp-json\/wp\/v2\/product\/9486"}],"collection":[{"href":"https:\/\/www.bazarmerlin.com\/inicio\/wp-json\/wp\/v2\/product"}],"about":[{"href":"https:\/\/www.bazarmerlin.com\/inicio\/wp-json\/wp\/v2\/types\/product"}],"wp:featuredmedia":[{"embeddable":true,"href":"https:\/\/www.bazarmerlin.com\/inicio\/wp-json\/wp\/v2\/media\/9488"}],"wp:attachment":[{"href":"https:\/\/www.bazarmerlin.com\/inicio\/wp-json\/wp\/v2\/media?parent=9486"}],"wp:term":[{"taxonomy":"product_cat","embeddable":true,"href":"https:\/\/www.bazarmerlin.com\/inicio\/wp-json\/wp\/v2\/product_cat?post=9486"},{"taxonomy":"product_tag","embeddable":true,"href":"https:\/\/www.bazarmerlin.com\/inicio\/wp-json\/wp\/v2\/product_tag?post=9486"}],"curies":[{"name":"wp","href":"https:\/\/api.w.org\/{rel}","templated":true}]}}