{"id":9564,"date":"2022-08-29T22:33:48","date_gmt":"2022-08-29T22:33:48","guid":{"rendered":"https:\/\/www.bazarmerlin.com\/inicio\/?post_type=product&#038;p=9564"},"modified":"2022-09-15T23:10:28","modified_gmt":"2022-09-15T23:10:28","slug":"pulsera-7-potencias-africanas-orishas-ilde-santeria","status":"publish","type":"product","link":"https:\/\/www.bazarmerlin.com\/inicio\/producto\/pulsera-7-potencias-africanas-orishas-ilde-santeria\/","title":{"rendered":"Pulsera 7 Potencias Africanas &#8211; Orishas Ild\u00e9 Santer\u00eda"},"content":{"rendered":"<p><strong>PULSERA 7 POTENCIAS<\/strong><\/p>\n<p>&nbsp;<\/p>\n<p>Pulsera iLDE Resguardo 7 potencias SANTERIA (tama\u00f1o adulto).<br \/>\nHecha a mano por olorishas artesanos.<\/p>\n<p>IDEALES PARA ATRAER: DINERO, AMOR, SUERTE Y PROTECCI\u00d3N<\/p>\n<p>Estas hermosas pulseras te ayudar\u00e1n a traer grandes cambios a tu vida.<br \/>\nEn cualquier \u00e1mbito en el que tenga problemas.<\/p>\n<p>CADA PULSERA VIENE PREPARADA Y RITUALIZADA PARA QUE FUNCIONE<br \/>\nAL 100%<\/p>\n<p>Recibe el nombre de &#8220;siete potencias africanas&#8221;, al grupo de Orichas compuesto por: Obatal\u00e1, Eleggu\u00e1, Chang\u00f3, Ogg\u00fan, Orunl\u00e1, Yemay\u00e1 y Och\u00fan. Dentro de este grupo de Orichas, est\u00e1n todos los aspectos de la vida humana.<\/p>\n<p>As\u00ed por ejemplo:<\/p>\n<p>-Obatal\u00e1: Trae paz y armon\u00eda;<br \/>\n-Eleggu\u00e1: Abre todas las puertas y aparta los obst\u00e1culos;<br \/>\n-Chang\u00f3: Tiene el poder sobre los enemigos;<br \/>\n-Ogg\u00fan: Due\u00f1o del hierro y da empleo a los desempleados;<br \/>\n-Orunl\u00e1: Abre las puertas del presente y del pasado;<br \/>\n-Yemay\u00e1: Due\u00f1a de la fertilidad;<br \/>\n-Och\u00fan: Patrona del oro y de los matrimonios.<\/p>\n<p>IDEAL PARA PERSONAS QUE BUSCAN PROTECCION EFECTIVA, UNA VEZ CONSAGRADO, ES UN GRAN PROTECTOR CONTRA ENEMIGOS, HECHIZOS, AYUDA A PROBLEMAS DE SALUD, MALA SUERTE Y MAL DE OJO.<\/p>\n<p>La santer\u00eda es un culto ancestral, heredado de la antigua sabidur\u00eda africana. Ya que en muchos pa\u00edses, personas de todas las edades y condiciones sociales acuden con los grandes santeros para PONER FIN A SUS PROBLEMAS<\/p>\n<p>&nbsp;<\/p>\n<p>&nbsp;<\/p>\n<p><strong>BAZAR MERLIN\u00ae<\/strong><br \/>\n<strong>El Lugar M\u00e1s M\u00edstico de Guadalajara<\/strong><br \/>\n<strong>ENVIAMOS A TODO M\u00c9XICO&#8230;<\/strong><\/p>\n<!-- AddThis Advanced Settings generic via filter on the_content --><!-- AddThis Share Buttons generic via filter on the_content -->","protected":false},"excerpt":{"rendered":"<p>PULSERA 7 POTENCIAS &nbsp; Pulsera iLDE Resguardo 7 potencias SANTERIA (tama\u00f1o adulto). Hecha a mano por olorishas artesanos. IDEALES PARA ATRAER: DINERO, AMOR, SUERTE Y PROTECCI\u00d3N Estas hermosas pulseras te ayudar\u00e1n a traer grandes cambios a tu vida. En cualquier \u00e1mbito en el que tenga problemas. CADA PULSERA VIENE PREPARADA Y RITUALIZADA PARA QUE FUNCIONE&hellip;<!-- AddThis Advanced Settings generic via filter on get_the_excerpt --><!-- AddThis Share Buttons generic via filter on get_the_excerpt --><\/p>\n","protected":false},"featured_media":9566,"template":"","meta":[],"product_cat":[14],"product_tag":[],"_links":{"self":[{"href":"https:\/\/www.bazarmerlin.com\/inicio\/wp-json\/wp\/v2\/product\/9564"}],"collection":[{"href":"https:\/\/www.bazarmerlin.com\/inicio\/wp-json\/wp\/v2\/product"}],"about":[{"href":"https:\/\/www.bazarmerlin.com\/inicio\/wp-json\/wp\/v2\/types\/product"}],"wp:featuredmedia":[{"embeddable":true,"href":"https:\/\/www.bazarmerlin.com\/inicio\/wp-json\/wp\/v2\/media\/9566"}],"wp:attachment":[{"href":"https:\/\/www.bazarmerlin.com\/inicio\/wp-json\/wp\/v2\/media?parent=9564"}],"wp:term":[{"taxonomy":"product_cat","embeddable":true,"href":"https:\/\/www.bazarmerlin.com\/inicio\/wp-json\/wp\/v2\/product_cat?post=9564"},{"taxonomy":"product_tag","embeddable":true,"href":"https:\/\/www.bazarmerlin.com\/inicio\/wp-json\/wp\/v2\/product_tag?post=9564"}],"curies":[{"name":"wp","href":"https:\/\/api.w.org\/{rel}","templated":true}]}}