{"id":982,"date":"2015-07-07T17:48:33","date_gmt":"2015-07-07T17:48:33","guid":{"rendered":"https:\/\/www.bazarmerlin.com\/inicio\/?post_type=product&#038;p=982"},"modified":"2023-01-03T23:57:58","modified_gmt":"2023-01-03T23:57:58","slug":"cuarzo-surtido-brasileno-por-kilo","status":"publish","type":"product","link":"https:\/\/www.bazarmerlin.com\/inicio\/producto\/cuarzo-surtido-brasileno-por-kilo\/","title":{"rendered":"Cuarzo Surtido Brasile\u00f1o Por Kilo"},"content":{"rendered":"<p><strong>1 KILO DE CUARZO SURTIDO.<\/strong><\/p>\n<p>&nbsp;<\/p>\n<p>Ideal para venta individual, estos cuarzos son los mas bellos y hermosas de todo mercado libre, ya que son importados desde BRASIL lo que garantiza una fina pieza piedra por piedra.<\/p>\n<p>Es un mineral conocido como \u201cel supremo nutridor\u201d. Sustenta y da apoyo en momentos de tensi\u00f3n, aportando tranquilidad y plenitud. El Cuarzo alinea los chacras y puede usarse en el trabajo con ellos. Es apropiado para todos los chacras. Proporciona protecci\u00f3n, absorbe la energ\u00eda negativa, limpia, alinea los chacras y el aura, adem\u00e1s de equilibrar el yin y el yang.<\/p>\n<p>NOTA IMPORTANTE:<br \/>\nEL COLOR, EL TAMA\u00d1O, LA FORMA Y TERMINADO PUEDE VARIAR UN POCO, POR SER UNA PIEZA 100% NATURAL POR LO QUE NUNCA EXISTIR\u00c1N 2 PIEDRAS IGUALES. TAMA\u00d1OS SURTIDOS.<\/p>\n<p>&nbsp;<\/p>\n<p>&nbsp;<\/p>\n<p><strong>BAZAR MERLIN<\/strong><br \/>\n<strong>El Lugar M\u00e1s M\u00edstico de Guadalajara<\/strong><br \/>\n<strong>ENVIAMOS A TODO M\u00c9XICO<\/strong><\/p>\n<!-- AddThis Advanced Settings generic via filter on the_content --><!-- AddThis Share Buttons generic via filter on the_content -->","protected":false},"excerpt":{"rendered":"<p>1 KILO DE CUARZO SURTIDO. &nbsp; Ideal para venta individual, estos cuarzos son los mas bellos y hermosas de todo mercado libre, ya que son importados desde BRASIL lo que garantiza una fina pieza piedra por piedra. Es un mineral conocido como \u201cel supremo nutridor\u201d. Sustenta y da apoyo en momentos de tensi\u00f3n, aportando tranquilidad&hellip;<!-- AddThis Advanced Settings generic via filter on get_the_excerpt --><!-- AddThis Share Buttons generic via filter on get_the_excerpt --><\/p>\n","protected":false},"featured_media":11337,"template":"","meta":[],"product_cat":[11],"product_tag":[675],"_links":{"self":[{"href":"https:\/\/www.bazarmerlin.com\/inicio\/wp-json\/wp\/v2\/product\/982"}],"collection":[{"href":"https:\/\/www.bazarmerlin.com\/inicio\/wp-json\/wp\/v2\/product"}],"about":[{"href":"https:\/\/www.bazarmerlin.com\/inicio\/wp-json\/wp\/v2\/types\/product"}],"wp:featuredmedia":[{"embeddable":true,"href":"https:\/\/www.bazarmerlin.com\/inicio\/wp-json\/wp\/v2\/media\/11337"}],"wp:attachment":[{"href":"https:\/\/www.bazarmerlin.com\/inicio\/wp-json\/wp\/v2\/media?parent=982"}],"wp:term":[{"taxonomy":"product_cat","embeddable":true,"href":"https:\/\/www.bazarmerlin.com\/inicio\/wp-json\/wp\/v2\/product_cat?post=982"},{"taxonomy":"product_tag","embeddable":true,"href":"https:\/\/www.bazarmerlin.com\/inicio\/wp-json\/wp\/v2\/product_tag?post=982"}],"curies":[{"name":"wp","href":"https:\/\/api.w.org\/{rel}","templated":true}]}}