{"id":988,"date":"2015-07-07T17:59:52","date_gmt":"2015-07-07T17:59:52","guid":{"rendered":"https:\/\/www.bazarmerlin.com\/inicio\/?post_type=product&#038;p=988"},"modified":"2022-11-04T22:40:16","modified_gmt":"2022-11-04T22:40:16","slug":"estrella-de-12-puntas-o-picos-proteccion-y-abundancia","status":"publish","type":"product","link":"https:\/\/www.bazarmerlin.com\/inicio\/producto\/estrella-de-12-puntas-o-picos-proteccion-y-abundancia\/","title":{"rendered":"Estrella De 12 Puntas O Picos \/ Protecci\u00f3n Y Abundancia"},"content":{"rendered":"<p><strong>TALISM\u00c1N ESTRELLA 12 PUNTAS<\/strong><br \/>\n<strong>EN CHAPA DE ORO Y ENCAPSULADO EN RESINA<\/strong><\/p>\n<p>&nbsp;<\/p>\n<p>DI\u00c1METRO 2.3 CMS APROXIMADO<\/p>\n<p>El s\u00edmbolo de la estrella representa la luz, la verdad, la fortaleza espiritual y la esperanza, y su significado depender\u00e1 principalmente del n\u00famero de puntas que tengas y la orientaci\u00f3n de estas.<\/p>\n<p>Simboliza los 12 signos zodiacales ubicados en su casa madre, as\u00ed tambi\u00e9n dadas sus caracter\u00edsticas se puede dibujar de dos maneras la primera trazando 4 tri\u00e1ngulos representa los 4 puntos cardinales as\u00ed como los 4 elementos. La segunda trazando 3 cuadrados representa las cosas cardinales fijas y mutables. Se dice que la estrella de doce puntas protege cuando mercurio se encuentra retrogrado.<\/p>\n<p>Amuleto Protector En esta estrella de 12 puntas se enlazan las energ\u00edas espirituales mas fuertes y m\u00e1gicas de todos los tiempos. Por tanto es uno de los amuletos mas completos ya que atrae la abundancia, favorece el bienestar espiritual, atrae el amor y favorece la salud. Estrella de 12 puntas (reflejo De Belen) es la que representa el tiempo vivido en armon\u00eda.<\/p>\n<p>&nbsp;<\/p>\n<p>&nbsp;<\/p>\n<p><strong>BAZAR MERL\u00cdN<\/strong><br \/>\n<strong>El Lugar M\u00e1s M\u00edstico de Guadalajara<\/strong><br \/>\n<strong>ENVIAMOS A TODO M\u00c9XICO&#8230;<\/strong><\/p>\n<!-- AddThis Advanced Settings generic via filter on the_content --><!-- AddThis Share Buttons generic via filter on the_content -->","protected":false},"excerpt":{"rendered":"<p>TALISM\u00c1N ESTRELLA 12 PUNTAS EN CHAPA DE ORO Y ENCAPSULADO EN RESINA &nbsp; DI\u00c1METRO 2.3 CMS APROXIMADO El s\u00edmbolo de la estrella representa la luz, la verdad, la fortaleza espiritual y la esperanza, y su significado depender\u00e1 principalmente del n\u00famero de puntas que tengas y la orientaci\u00f3n de estas. Simboliza los 12 signos zodiacales ubicados&hellip;<!-- AddThis Advanced Settings generic via filter on get_the_excerpt --><!-- AddThis Share Buttons generic via filter on get_the_excerpt --><\/p>\n","protected":false},"featured_media":10662,"template":"","meta":[],"product_cat":[12],"product_tag":[678,679],"_links":{"self":[{"href":"https:\/\/www.bazarmerlin.com\/inicio\/wp-json\/wp\/v2\/product\/988"}],"collection":[{"href":"https:\/\/www.bazarmerlin.com\/inicio\/wp-json\/wp\/v2\/product"}],"about":[{"href":"https:\/\/www.bazarmerlin.com\/inicio\/wp-json\/wp\/v2\/types\/product"}],"wp:featuredmedia":[{"embeddable":true,"href":"https:\/\/www.bazarmerlin.com\/inicio\/wp-json\/wp\/v2\/media\/10662"}],"wp:attachment":[{"href":"https:\/\/www.bazarmerlin.com\/inicio\/wp-json\/wp\/v2\/media?parent=988"}],"wp:term":[{"taxonomy":"product_cat","embeddable":true,"href":"https:\/\/www.bazarmerlin.com\/inicio\/wp-json\/wp\/v2\/product_cat?post=988"},{"taxonomy":"product_tag","embeddable":true,"href":"https:\/\/www.bazarmerlin.com\/inicio\/wp-json\/wp\/v2\/product_tag?post=988"}],"curies":[{"name":"wp","href":"https:\/\/api.w.org\/{rel}","templated":true}]}}