{"id":996,"date":"2015-07-07T18:12:35","date_gmt":"2015-07-07T18:12:35","guid":{"rendered":"https:\/\/www.bazarmerlin.com\/inicio\/?post_type=product&#038;p=996"},"modified":"2022-11-11T23:57:01","modified_gmt":"2022-11-11T23:57:01","slug":"santa-muerte-en-chapa-de-oro","status":"publish","type":"product","link":"https:\/\/www.bazarmerlin.com\/inicio\/producto\/santa-muerte-en-chapa-de-oro\/","title":{"rendered":"Santa Muerte En Chapa De Oro"},"content":{"rendered":"<p><strong>DIJE DE LA SANTA MUERTE<\/strong><br \/>\n<strong>CHAPA DE ORO 18 KILATES<\/strong><\/p>\n<p>&nbsp;<\/p>\n<p>Este poderoso talism\u00e1n viene detallado con m\u00e1xima calidad y fabricado en fina chapa de oro y consagrado para que logre mayor poder<\/p>\n<p>&nbsp;<\/p>\n<p>Se dice que cuando la santa muerte concede un favor se cobra con alguno de nuestros familiares. Eso eso totalmente falso, ya que ella, por el contrario, protege de cualquier enfermedad provocada por alg\u00fan trabajo de magia negra, hechicer\u00eda enfermedad sobrepuesta y este talism\u00e1n de la santa muerte viene en m\u00e1xima calidad como ninguno est\u00e1<\/p>\n<p>&nbsp;<\/p>\n<p>&nbsp;<\/p>\n<p><strong>BAZAR MERL\u00cdN\u00aeEl Lugar M\u00e1s M\u00edstico de Guadalajara<\/strong><br \/>\n<strong>ENVIAMOS A TODO M\u00c9XICO<\/strong><\/p>\n<!-- AddThis Advanced Settings generic via filter on the_content --><!-- AddThis Share Buttons generic via filter on the_content -->","protected":false},"excerpt":{"rendered":"<p>DIJE DE LA SANTA MUERTE CHAPA DE ORO 18 KILATES &nbsp; Este poderoso talism\u00e1n viene detallado con m\u00e1xima calidad y fabricado en fina chapa de oro y consagrado para que logre mayor poder &nbsp; Se dice que cuando la santa muerte concede un favor se cobra con alguno de nuestros familiares. Eso eso totalmente falso,&hellip;<!-- AddThis Advanced Settings generic via filter on get_the_excerpt --><!-- AddThis Share Buttons generic via filter on get_the_excerpt --><\/p>\n","protected":false},"featured_media":10726,"template":"","meta":[],"product_cat":[12],"product_tag":[682],"_links":{"self":[{"href":"https:\/\/www.bazarmerlin.com\/inicio\/wp-json\/wp\/v2\/product\/996"}],"collection":[{"href":"https:\/\/www.bazarmerlin.com\/inicio\/wp-json\/wp\/v2\/product"}],"about":[{"href":"https:\/\/www.bazarmerlin.com\/inicio\/wp-json\/wp\/v2\/types\/product"}],"wp:featuredmedia":[{"embeddable":true,"href":"https:\/\/www.bazarmerlin.com\/inicio\/wp-json\/wp\/v2\/media\/10726"}],"wp:attachment":[{"href":"https:\/\/www.bazarmerlin.com\/inicio\/wp-json\/wp\/v2\/media?parent=996"}],"wp:term":[{"taxonomy":"product_cat","embeddable":true,"href":"https:\/\/www.bazarmerlin.com\/inicio\/wp-json\/wp\/v2\/product_cat?post=996"},{"taxonomy":"product_tag","embeddable":true,"href":"https:\/\/www.bazarmerlin.com\/inicio\/wp-json\/wp\/v2\/product_tag?post=996"}],"curies":[{"name":"wp","href":"https:\/\/api.w.org\/{rel}","templated":true}]}}